{"id":799,"date":"2026-04-02T10:12:55","date_gmt":"2026-04-02T08:12:55","guid":{"rendered":"https:\/\/phuketnewlife.com\/?page_id=799"},"modified":"2026-04-28T10:11:54","modified_gmt":"2026-04-28T08:11:54","slug":"kapcsolat","status":"publish","type":"page","link":"https:\/\/phuketnewlife.com\/th\/kapcsolat\/","title":{"rendered":"\u0e15\u0e34\u0e14\u0e15\u0e48\u0e2d\u0e40\u0e23\u0e32"},"content":{"rendered":"<div data-elementor-type=\"wp-page\" data-elementor-id=\"799\" class=\"elementor elementor-799\" data-elementor-post-type=\"page\">\n\t\t\t\t<div class=\"elementor-element elementor-element-fa7339c e-flex e-con-boxed e-con e-parent\" data-id=\"fa7339c\" data-element_type=\"container\" data-e-type=\"container\" data-settings=\"{&quot;background_background&quot;:&quot;classic&quot;}\">\n\t\t\t\t\t<div class=\"e-con-inner\">\n\t\t<div class=\"elementor-element elementor-element-e8dd9bf e-con-full e-flex e-con e-child\" data-id=\"e8dd9bf\" data-element_type=\"container\" data-e-type=\"container\">\n\t\t<div class=\"elementor-element elementor-element-545582f e-con-full e-flex e-con e-child\" data-id=\"545582f\" data-element_type=\"container\" data-e-type=\"container\">\n\t\t<div class=\"elementor-element elementor-element-0a7b33e e-con-full e-flex e-con e-child\" data-id=\"0a7b33e\" data-element_type=\"container\" data-e-type=\"container\">\n\t\t\t\t<div class=\"elementor-element elementor-element-781ba07 elementor-widget elementor-widget-heading\" data-id=\"781ba07\" data-element_type=\"widget\" data-e-type=\"widget\" data-widget_type=\"heading.default\">\n\t\t\t\t\t<h2 class=\"elementor-heading-title elementor-size-default\">\u0e0a\u0e48\u0e2d\u0e07\u0e17\u0e32\u0e07\u0e01\u0e32\u0e23\u0e15\u0e34\u0e14\u0e15\u0e48\u0e2d\u0e02\u0e2d\u0e07\u0e40\u0e23\u0e32<\/h2>\t\t\t\t<\/div>\n\t\t\t\t<div class=\"elementor-element elementor-element-5ac6e40 elementor-widget elementor-widget-text-editor\" data-id=\"5ac6e40\" data-element_type=\"widget\" data-e-type=\"widget\" data-widget_type=\"text-editor.default\">\n\t\t\t\t\t\t\t\t\t<p>\u0e2b\u0e32\u0e01\u0e04\u0e38\u0e13\u0e17\u0e23\u0e32\u0e1a\u0e41\u0e19\u0e48\u0e0a\u0e31\u0e14\u0e41\u0e25\u0e49\u0e27\u0e27\u0e48\u0e32\u0e08\u0e30\u0e40\u0e14\u0e34\u0e19\u0e17\u0e32\u0e07\u0e21\u0e32\u0e40\u0e21\u0e37\u0e48\u0e2d\u0e44\u0e2b\u0e23\u0e48\u0e41\u0e25\u0e30\u0e14\u0e49\u0e27\u0e22\u0e40\u0e2b\u0e15\u0e38\u0e1c\u0e25\u0e43\u0e14 \u2013 \u0e42\u0e1b\u0e23\u0e14\u0e15\u0e34\u0e14\u0e15\u0e48\u0e2d\u0e40\u0e23\u0e32\u0e1c\u0e48\u0e32\u0e19\u0e0a\u0e48\u0e2d\u0e07\u0e17\u0e32\u0e07\u0e43\u0e14\u0e0a\u0e48\u0e2d\u0e07\u0e17\u0e32\u0e07\u0e2b\u0e19\u0e36\u0e48\u0e07\u0e02\u0e2d\u0e07\u0e40\u0e23\u0e32<\/p>\t\t\t\t\t\t\t\t<\/div>\n\t\t\t\t<div class=\"elementor-element elementor-element-30462a5 elementor-widget elementor-widget-heading\" data-id=\"30462a5\" data-element_type=\"widget\" data-e-type=\"widget\" data-widget_type=\"heading.default\">\n\t\t\t\t\t<h3 class=\"elementor-heading-title elementor-size-default\">info@phuketnewlife.com<\/h3>\t\t\t\t<\/div>\n\t\t\t\t<div class=\"elementor-element elementor-element-1ddce7a elementor-icon-list--layout-inline elementor-align-center elementor-mobile-align-center elementor-list-item-link-full_width elementor-widget elementor-widget-icon-list\" data-id=\"1ddce7a\" data-element_type=\"widget\" data-e-type=\"widget\" data-widget_type=\"icon-list.default\">\n\t\t\t\t\t\t\t<ul class=\"elementor-icon-list-items elementor-inline-items\">\n\t\t\t\t\t\t\t<li class=\"elementor-icon-list-item elementor-inline-item\">\n\t\t\t\t\t\t\t\t\t\t\t<a href=\"https:\/\/www.facebook.com\/profile.php?id=61584618136160\">\n\n\t\t\t\t\t\t\t\t\t\t\t\t<span class=\"elementor-icon-list-icon\">\n\t\t\t\t\t\t\t<svg aria-hidden=\"true\" class=\"e-font-icon-svg e-fab-facebook\" viewbox=\"0 0 512 512\" xmlns=\"http:\/\/www.w3.org\/2000\/svg\"><path d=\"M504 256C504 119 393 8 256 8S8 119 8 256c0 123.78 90.69 226.38 209.25 245V327.69h-63V256h63v-54.64c0-62.15 37-96.48 93.67-96.48 27.14 0 55.52 4.84 55.52 4.84v61h-31.28c-30.8 0-40.41 19.12-40.41 38.73V256h68.78l-11 71.69h-57.78V501C413.31 482.38 504 379.78 504 256z\"><\/path><\/svg>\t\t\t\t\t\t<\/span>\n\t\t\t\t\t\t\t\t\t\t<span class=\"elementor-icon-list-text\"><\/span>\n\t\t\t\t\t\t\t\t\t\t\t<\/a>\n\t\t\t\t\t\t\t\t\t<\/li>\n\t\t\t\t\t\t\t\t<li class=\"elementor-icon-list-item elementor-inline-item\">\n\t\t\t\t\t\t\t\t\t\t\t<a href=\"http:\/\/tiktok.com\/@holidayincomeproject\">\n\n\t\t\t\t\t\t\t\t\t\t\t\t<span class=\"elementor-icon-list-icon\">\n\t\t\t\t\t\t\t<svg aria-hidden=\"true\" class=\"e-font-icon-svg e-fab-tiktok\" viewbox=\"0 0 448 512\" xmlns=\"http:\/\/www.w3.org\/2000\/svg\"><path d=\"M448,209.91a210.06,210.06,0,0,1-122.77-39.25V349.38A162.55,162.55,0,1,1,185,188.31V278.2a74.62,74.62,0,1,0,52.23,71.18V0l88,0a121.18,121.18,0,0,0,1.86,22.17h0A122.18,122.18,0,0,0,381,102.39a121.43,121.43,0,0,0,67,20.14Z\"><\/path><\/svg>\t\t\t\t\t\t<\/span>\n\t\t\t\t\t\t\t\t\t\t<span class=\"elementor-icon-list-text\"><\/span>\n\t\t\t\t\t\t\t\t\t\t\t<\/a>\n\t\t\t\t\t\t\t\t\t<\/li>\n\t\t\t\t\t\t\t\t<li class=\"elementor-icon-list-item elementor-inline-item\">\n\t\t\t\t\t\t\t\t\t\t\t<a href=\"https:\/\/wa.me\/+66827491774\">\n\n\t\t\t\t\t\t\t\t\t\t\t\t<span class=\"elementor-icon-list-icon\">\n\t\t\t\t\t\t\t<svg aria-hidden=\"true\" class=\"e-font-icon-svg e-fab-whatsapp\" viewbox=\"0 0 448 512\" xmlns=\"http:\/\/www.w3.org\/2000\/svg\"><path d=\"M380.9 97.1C339 55.1 283.2 32 223.9 32c-122.4 0-222 99.6-222 222 0 39.1 10.2 77.3 29.6 111L0 480l117.7-30.9c32.4 17.7 68.9 27 106.1 27h.1c122.3 0 224.1-99.6 224.1-222 0-59.3-25.2-115-67.1-157zm-157 341.6c-33.2 0-65.7-8.9-94-25.7l-6.7-4-69.8 18.3L72 359.2l-4.4-7c-18.5-29.4-28.2-63.3-28.2-98.2 0-101.7 82.8-184.5 184.6-184.5 49.3 0 95.6 19.2 130.4 54.1 34.8 34.9 56.2 81.2 56.1 130.5 0 101.8-84.9 184.6-186.6 184.6zm101.2-138.2c-5.5-2.8-32.8-16.2-37.9-18-5.1-1.9-8.8-2.8-12.5 2.8-3.7 5.6-14.3 18-17.6 21.8-3.2 3.7-6.5 4.2-12 1.4-32.6-16.3-54-29.1-75.5-66-5.7-9.8 5.7-9.1 16.3-30.3 1.8-3.7.9-6.9-.5-9.7-1.4-2.8-12.5-30.1-17.1-41.2-4.5-10.8-9.1-9.3-12.5-9.5-3.2-.2-6.9-.2-10.6-.2-3.7 0-9.7 1.4-14.8 6.9-5.1 5.6-19.4 19-19.4 46.3 0 27.3 19.9 53.7 22.6 57.4 2.8 3.7 39.1 59.7 94.8 83.8 35.2 15.2 49 16.5 66.6 13.9 10.7-1.6 32.8-13.4 37.4-26.4 4.6-13 4.6-24.1 3.2-26.4-1.3-2.5-5-3.9-10.5-6.6z\"><\/path><\/svg>\t\t\t\t\t\t<\/span>\n\t\t\t\t\t\t\t\t\t\t<span class=\"elementor-icon-list-text\"><\/span>\n\t\t\t\t\t\t\t\t\t\t\t<\/a>\n\t\t\t\t\t\t\t\t\t<\/li>\n\t\t\t\t\t\t<\/ul>\n\t\t\t\t\t\t<\/div>\n\t\t\t\t<\/div>\n\t\t\t\t<\/div>\n\t\t<div class=\"elementor-element elementor-element-c12d2e5 e-con-full e-flex e-con e-child\" data-id=\"c12d2e5\" data-element_type=\"container\" data-e-type=\"container\">\n\t\t<div class=\"elementor-element elementor-element-c77101a e-con-full e-flex e-con e-child\" data-id=\"c77101a\" data-element_type=\"container\" data-e-type=\"container\">\n\t\t\t\t<div class=\"elementor-element elementor-element-6c0d151 elementor-widget elementor-widget-heading\" data-id=\"6c0d151\" data-element_type=\"widget\" data-e-type=\"widget\" data-widget_type=\"heading.default\">\n\t\t\t\t\t<h3 class=\"elementor-heading-title elementor-size-default\">Whatsapp<\/h3>\t\t\t\t<\/div>\n\t\t\t\t<div class=\"elementor-element elementor-element-b3196a2 elementor-widget elementor-widget-image\" data-id=\"b3196a2\" data-element_type=\"widget\" data-e-type=\"widget\" data-widget_type=\"image.default\">\n\t\t\t\t\t\t\t\t\t\t\t\t\t\t\t<img fetchpriority=\"high\" decoding=\"async\" width=\"512\" height=\"512\" src=\"https:\/\/phuketnewlife.com\/wp-content\/uploads\/2026\/04\/Phuket-New-Life-elerhetoseg-Elet-phuketen-2.png\" class=\"attachment-large size-large wp-image-1752\" alt=\"\" srcset=\"https:\/\/phuketnewlife.com\/wp-content\/uploads\/2026\/04\/Phuket-New-Life-elerhetoseg-Elet-phuketen-2.png 512w, https:\/\/phuketnewlife.com\/wp-content\/uploads\/2026\/04\/Phuket-New-Life-elerhetoseg-Elet-phuketen-2-150x150.png 150w, https:\/\/phuketnewlife.com\/wp-content\/uploads\/2026\/04\/Phuket-New-Life-elerhetoseg-Elet-phuketen-2-12x12.png 12w\" sizes=\"(max-width: 512px) 100vw, 512px\" \/>\t\t\t\t\t\t\t\t\t\t\t\t\t\t\t<\/div>\n\t\t\t\t<\/div>\n\t\t<div class=\"elementor-element elementor-element-700205d e-con-full e-flex e-con e-child\" data-id=\"700205d\" data-element_type=\"container\" data-e-type=\"container\">\n\t\t\t\t<div class=\"elementor-element elementor-element-88b08da elementor-widget elementor-widget-heading\" data-id=\"88b08da\" data-element_type=\"widget\" data-e-type=\"widget\" data-widget_type=\"heading.default\">\n\t\t\t\t\t<h3 class=\"elementor-heading-title elementor-size-default\">Line<\/h3>\t\t\t\t<\/div>\n\t\t\t\t<div class=\"elementor-element elementor-element-9863970 elementor-widget elementor-widget-image\" data-id=\"9863970\" data-element_type=\"widget\" data-e-type=\"widget\" data-widget_type=\"image.default\">\n\t\t\t\t\t\t\t\t\t\t\t\t\t\t\t<img decoding=\"async\" width=\"512\" height=\"512\" src=\"https:\/\/phuketnewlife.com\/wp-content\/uploads\/2026\/04\/Phuket-New-Life-elerhetoseg-Elet-phuketen-1.png\" class=\"attachment-large size-large wp-image-1751\" alt=\"\" srcset=\"https:\/\/phuketnewlife.com\/wp-content\/uploads\/2026\/04\/Phuket-New-Life-elerhetoseg-Elet-phuketen-1.png 512w, https:\/\/phuketnewlife.com\/wp-content\/uploads\/2026\/04\/Phuket-New-Life-elerhetoseg-Elet-phuketen-1-150x150.png 150w, https:\/\/phuketnewlife.com\/wp-content\/uploads\/2026\/04\/Phuket-New-Life-elerhetoseg-Elet-phuketen-1-12x12.png 12w\" sizes=\"(max-width: 512px) 100vw, 512px\" \/>\t\t\t\t\t\t\t\t\t\t\t\t\t\t\t<\/div>\n\t\t\t\t<\/div>\n\t\t\t\t<\/div>\n\t\t\t\t<\/div>\n\t\t\t\t\t<\/div>\n\t\t\t\t<\/div>\n\t\t\t\t<\/div>","protected":false},"excerpt":{"rendered":"<p>El\u00e9rhet\u0151s\u00e9geink Ha tudod, hogy mikor \u00e9s mi\u00e9rt j\u00f6nn\u00e9l pontosan &#8211; keress meg el\u00e9rhet\u0151s\u00e9geink valamelyik\u00e9n. info@phuketnewlife.com Whatsapp Line<\/p>","protected":false},"author":1,"featured_media":723,"parent":0,"menu_order":0,"comment_status":"closed","ping_status":"closed","template":"","meta":{"footnotes":""},"class_list":["post-799","page","type-page","status-publish","has-post-thumbnail","hentry"],"yoast_head":"<!-- This site is optimized with the Yoast SEO plugin v27.3 - https:\/\/yoast.com\/product\/yoast-seo-wordpress\/ -->\n<title>Kapcsolat - Phuketnewlife<\/title>\n<meta name=\"robots\" content=\"index, follow, max-snippet:-1, max-image-preview:large, max-video-preview:-1\" \/>\n<link rel=\"canonical\" href=\"https:\/\/phuketnewlife.com\/th\/kapcsolat\/\" \/>\n<meta property=\"og:locale\" content=\"th_TH\" \/>\n<meta property=\"og:type\" content=\"article\" \/>\n<meta property=\"og:title\" content=\"Kapcsolat - Phuketnewlife\" \/>\n<meta property=\"og:description\" content=\"El\u00e9rhet\u0151s\u00e9geink Ha tudod, hogy mikor \u00e9s mi\u00e9rt j\u00f6nn\u00e9l pontosan &#8211; keress meg el\u00e9rhet\u0151s\u00e9geink valamelyik\u00e9n. info@phuketnewlife.com Whatsapp Line\" \/>\n<meta property=\"og:url\" content=\"https:\/\/phuketnewlife.com\/th\/kapcsolat\/\" \/>\n<meta property=\"og:site_name\" content=\"Phuketnewlife\" \/>\n<meta property=\"article:publisher\" content=\"https:\/\/www.facebook.com\/profile.php?id=61584618136160\" \/>\n<meta property=\"article:modified_time\" content=\"2026-04-28T08:11:54+00:00\" \/>\n<meta property=\"og:image\" content=\"https:\/\/phuketnewlife.com\/wp-content\/uploads\/2026\/04\/Cegalapitas-phuketen-new-life-phuket.jpg\" \/>\n\t<meta property=\"og:image:width\" content=\"1024\" \/>\n\t<meta property=\"og:image:height\" content=\"1024\" \/>\n\t<meta property=\"og:image:type\" content=\"image\/jpeg\" \/>\n<meta name=\"twitter:card\" content=\"summary_large_image\" \/>\n<meta name=\"twitter:label1\" content=\"Est. reading time\" \/>\n\t<meta name=\"twitter:data1\" content=\"1 \u0e19\u0e32\u0e17\u0e35\" \/>\n<script type=\"application\/ld+json\" class=\"yoast-schema-graph\">{\"@context\":\"https:\\\/\\\/schema.org\",\"@graph\":[{\"@type\":\"WebPage\",\"@id\":\"https:\\\/\\\/phuketnewlife.com\\\/kapcsolat\\\/\",\"url\":\"https:\\\/\\\/phuketnewlife.com\\\/kapcsolat\\\/\",\"name\":\"Kapcsolat - Phuketnewlife\",\"isPartOf\":{\"@id\":\"https:\\\/\\\/phuketnewlife.com\\\/#website\"},\"primaryImageOfPage\":{\"@id\":\"https:\\\/\\\/phuketnewlife.com\\\/kapcsolat\\\/#primaryimage\"},\"image\":{\"@id\":\"https:\\\/\\\/phuketnewlife.com\\\/kapcsolat\\\/#primaryimage\"},\"thumbnailUrl\":\"https:\\\/\\\/phuketnewlife.com\\\/wp-content\\\/uploads\\\/2026\\\/04\\\/Kolotozz-Phuketre-new-life-phuket.png\",\"datePublished\":\"2026-04-02T08:12:55+00:00\",\"dateModified\":\"2026-04-28T08:11:54+00:00\",\"breadcrumb\":{\"@id\":\"https:\\\/\\\/phuketnewlife.com\\\/kapcsolat\\\/#breadcrumb\"},\"inLanguage\":\"th\",\"potentialAction\":[{\"@type\":\"ReadAction\",\"target\":[\"https:\\\/\\\/phuketnewlife.com\\\/kapcsolat\\\/\"]}]},{\"@type\":\"ImageObject\",\"inLanguage\":\"th\",\"@id\":\"https:\\\/\\\/phuketnewlife.com\\\/kapcsolat\\\/#primaryimage\",\"url\":\"https:\\\/\\\/phuketnewlife.com\\\/wp-content\\\/uploads\\\/2026\\\/04\\\/Kolotozz-Phuketre-new-life-phuket.png\",\"contentUrl\":\"https:\\\/\\\/phuketnewlife.com\\\/wp-content\\\/uploads\\\/2026\\\/04\\\/Kolotozz-Phuketre-new-life-phuket.png\",\"width\":1920,\"height\":1000},{\"@type\":\"BreadcrumbList\",\"@id\":\"https:\\\/\\\/phuketnewlife.com\\\/kapcsolat\\\/#breadcrumb\",\"itemListElement\":[{\"@type\":\"ListItem\",\"position\":1,\"name\":\"Kezd\u0151lap\",\"item\":\"https:\\\/\\\/phuketnewlife.com\\\/\"},{\"@type\":\"ListItem\",\"position\":2,\"name\":\"Kapcsolat\"}]},{\"@type\":\"WebSite\",\"@id\":\"https:\\\/\\\/phuketnewlife.com\\\/#website\",\"url\":\"https:\\\/\\\/phuketnewlife.com\\\/\",\"name\":\"Phuketnewlife\",\"description\":\"\",\"publisher\":{\"@id\":\"https:\\\/\\\/phuketnewlife.com\\\/#organization\"},\"potentialAction\":[{\"@type\":\"SearchAction\",\"target\":{\"@type\":\"EntryPoint\",\"urlTemplate\":\"https:\\\/\\\/phuketnewlife.com\\\/?s={search_term_string}\"},\"query-input\":{\"@type\":\"PropertyValueSpecification\",\"valueRequired\":true,\"valueName\":\"search_term_string\"}}],\"inLanguage\":\"th\"},{\"@type\":\"Organization\",\"@id\":\"https:\\\/\\\/phuketnewlife.com\\\/#organization\",\"name\":\"Phuketnewlife\",\"url\":\"https:\\\/\\\/phuketnewlife.com\\\/\",\"logo\":{\"@type\":\"ImageObject\",\"inLanguage\":\"th\",\"@id\":\"https:\\\/\\\/phuketnewlife.com\\\/#\\\/schema\\\/logo\\\/image\\\/\",\"url\":\"https:\\\/\\\/phuketnewlife.com\\\/wp-content\\\/uploads\\\/2026\\\/04\\\/Nevtelen-terv-14.svg\",\"contentUrl\":\"https:\\\/\\\/phuketnewlife.com\\\/wp-content\\\/uploads\\\/2026\\\/04\\\/Nevtelen-terv-14.svg\",\"caption\":\"Phuketnewlife\"},\"image\":{\"@id\":\"https:\\\/\\\/phuketnewlife.com\\\/#\\\/schema\\\/logo\\\/image\\\/\"},\"sameAs\":[\"https:\\\/\\\/www.facebook.com\\\/profile.php?id=61584618136160\"]}]}<\/script>\n<!-- \/ Yoast SEO plugin. -->","yoast_head_json":{"title":"Kapcsolat - Phuketnewlife","robots":{"index":"index","follow":"follow","max-snippet":"max-snippet:-1","max-image-preview":"max-image-preview:large","max-video-preview":"max-video-preview:-1"},"canonical":"https:\/\/phuketnewlife.com\/th\/kapcsolat\/","og_locale":"th_TH","og_type":"article","og_title":"Kapcsolat - Phuketnewlife","og_description":"El\u00e9rhet\u0151s\u00e9geink Ha tudod, hogy mikor \u00e9s mi\u00e9rt j\u00f6nn\u00e9l pontosan &#8211; keress meg el\u00e9rhet\u0151s\u00e9geink valamelyik\u00e9n. info@phuketnewlife.com Whatsapp Line","og_url":"https:\/\/phuketnewlife.com\/th\/kapcsolat\/","og_site_name":"Phuketnewlife","article_publisher":"https:\/\/www.facebook.com\/profile.php?id=61584618136160","article_modified_time":"2026-04-28T08:11:54+00:00","og_image":[{"width":1024,"height":1024,"url":"https:\/\/phuketnewlife.com\/wp-content\/uploads\/2026\/04\/Cegalapitas-phuketen-new-life-phuket.jpg","type":"image\/jpeg"}],"twitter_card":"summary_large_image","twitter_misc":{"Est. reading time":"1 \u0e19\u0e32\u0e17\u0e35"},"schema":{"@context":"https:\/\/schema.org","@graph":[{"@type":"WebPage","@id":"https:\/\/phuketnewlife.com\/kapcsolat\/","url":"https:\/\/phuketnewlife.com\/kapcsolat\/","name":"Kapcsolat - Phuketnewlife","isPartOf":{"@id":"https:\/\/phuketnewlife.com\/#website"},"primaryImageOfPage":{"@id":"https:\/\/phuketnewlife.com\/kapcsolat\/#primaryimage"},"image":{"@id":"https:\/\/phuketnewlife.com\/kapcsolat\/#primaryimage"},"thumbnailUrl":"https:\/\/phuketnewlife.com\/wp-content\/uploads\/2026\/04\/Kolotozz-Phuketre-new-life-phuket.png","datePublished":"2026-04-02T08:12:55+00:00","dateModified":"2026-04-28T08:11:54+00:00","breadcrumb":{"@id":"https:\/\/phuketnewlife.com\/kapcsolat\/#breadcrumb"},"inLanguage":"th","potentialAction":[{"@type":"ReadAction","target":["https:\/\/phuketnewlife.com\/kapcsolat\/"]}]},{"@type":"ImageObject","inLanguage":"th","@id":"https:\/\/phuketnewlife.com\/kapcsolat\/#primaryimage","url":"https:\/\/phuketnewlife.com\/wp-content\/uploads\/2026\/04\/Kolotozz-Phuketre-new-life-phuket.png","contentUrl":"https:\/\/phuketnewlife.com\/wp-content\/uploads\/2026\/04\/Kolotozz-Phuketre-new-life-phuket.png","width":1920,"height":1000},{"@type":"BreadcrumbList","@id":"https:\/\/phuketnewlife.com\/kapcsolat\/#breadcrumb","itemListElement":[{"@type":"ListItem","position":1,"name":"Kezd\u0151lap","item":"https:\/\/phuketnewlife.com\/"},{"@type":"ListItem","position":2,"name":"Kapcsolat"}]},{"@type":"WebSite","@id":"https:\/\/phuketnewlife.com\/#website","url":"https:\/\/phuketnewlife.com\/","name":"Phuketnewlife","description":"","publisher":{"@id":"https:\/\/phuketnewlife.com\/#organization"},"potentialAction":[{"@type":"SearchAction","target":{"@type":"EntryPoint","urlTemplate":"https:\/\/phuketnewlife.com\/?s={search_term_string}"},"query-input":{"@type":"PropertyValueSpecification","valueRequired":true,"valueName":"search_term_string"}}],"inLanguage":"th"},{"@type":"Organization","@id":"https:\/\/phuketnewlife.com\/#organization","name":"Phuketnewlife","url":"https:\/\/phuketnewlife.com\/","logo":{"@type":"ImageObject","inLanguage":"th","@id":"https:\/\/phuketnewlife.com\/#\/schema\/logo\/image\/","url":"https:\/\/phuketnewlife.com\/wp-content\/uploads\/2026\/04\/Nevtelen-terv-14.svg","contentUrl":"https:\/\/phuketnewlife.com\/wp-content\/uploads\/2026\/04\/Nevtelen-terv-14.svg","caption":"Phuketnewlife"},"image":{"@id":"https:\/\/phuketnewlife.com\/#\/schema\/logo\/image\/"},"sameAs":["https:\/\/www.facebook.com\/profile.php?id=61584618136160"]}]}},"_links":{"self":[{"href":"https:\/\/phuketnewlife.com\/th\/wp-json\/wp\/v2\/pages\/799","targetHints":{"allow":["GET"]}}],"collection":[{"href":"https:\/\/phuketnewlife.com\/th\/wp-json\/wp\/v2\/pages"}],"about":[{"href":"https:\/\/phuketnewlife.com\/th\/wp-json\/wp\/v2\/types\/page"}],"author":[{"embeddable":true,"href":"https:\/\/phuketnewlife.com\/th\/wp-json\/wp\/v2\/users\/1"}],"replies":[{"embeddable":true,"href":"https:\/\/phuketnewlife.com\/th\/wp-json\/wp\/v2\/comments?post=799"}],"version-history":[{"count":52,"href":"https:\/\/phuketnewlife.com\/th\/wp-json\/wp\/v2\/pages\/799\/revisions"}],"predecessor-version":[{"id":1765,"href":"https:\/\/phuketnewlife.com\/th\/wp-json\/wp\/v2\/pages\/799\/revisions\/1765"}],"wp:featuredmedia":[{"embeddable":true,"href":"https:\/\/phuketnewlife.com\/th\/wp-json\/wp\/v2\/media\/723"}],"wp:attachment":[{"href":"https:\/\/phuketnewlife.com\/th\/wp-json\/wp\/v2\/media?parent=799"}],"curies":[{"name":"wp","href":"https:\/\/api.w.org\/{rel}","templated":true}]}}