{"id":1682,"date":"2026-04-22T15:50:22","date_gmt":"2026-04-22T13:50:22","guid":{"rendered":"https:\/\/phuketnewlife.com\/?page_id=1682"},"modified":"2026-04-28T10:10:49","modified_gmt":"2026-04-28T08:10:49","slug":"jogi-nyilatkozat","status":"publish","type":"page","link":"https:\/\/phuketnewlife.com\/th\/jogi-nyilatkozat\/","title":{"rendered":"\u0e02\u0e49\u0e2d\u0e2a\u0e07\u0e27\u0e19\u0e2a\u0e34\u0e17\u0e18\u0e34\u0e4c"},"content":{"rendered":"<div data-elementor-type=\"wp-page\" data-elementor-id=\"1682\" class=\"elementor elementor-1682\" data-elementor-post-type=\"page\">\n\t\t\t\t<div class=\"elementor-element elementor-element-aa24199 e-flex e-con-boxed e-con e-parent\" data-id=\"aa24199\" data-element_type=\"container\" data-e-type=\"container\" data-settings=\"{&quot;background_background&quot;:&quot;classic&quot;}\">\n\t\t\t\t\t<div class=\"e-con-inner\">\n\t\t\t\t<div class=\"elementor-element elementor-element-10b506b elementor-widget elementor-widget-heading\" data-id=\"10b506b\" data-element_type=\"widget\" data-e-type=\"widget\" data-widget_type=\"heading.default\">\n\t\t\t\t\t<h1 class=\"elementor-heading-title elementor-size-default\">Legal Disclaimer | Jogi nyilatkozat<\/h1>\t\t\t\t<\/div>\n\t\t\t\t\t<\/div>\n\t\t\t\t<\/div>\n\t\t<div class=\"elementor-element elementor-element-d9fce0f e-flex e-con-boxed e-con e-parent\" data-id=\"d9fce0f\" data-element_type=\"container\" data-e-type=\"container\">\n\t\t\t\t\t<div class=\"e-con-inner\">\n\t\t\t\t<div class=\"elementor-element elementor-element-858705f elementor-widget elementor-widget-text-editor\" data-id=\"858705f\" data-element_type=\"widget\" data-e-type=\"widget\" data-widget_type=\"text-editor.default\">\n\t\t\t\t\t\t\t\t\t<p><strong>ENGLISH<br \/><\/strong>Legal Disclaimer<\/p><p>The services presented on this website \u2014 including, but not limited to, company formation in Thailand, visa processing, obtaining work permits, and business plan development \u2014 involve complex, multi-party procedures that are both legally and administratively sophisticated.<\/p><p>We hereby inform our clients that:<\/p><p>The full process is carried out through the coordinated cooperation of multiple independent authorities, courts, professionals, and service providers.<br \/>The granting of a Non-Immigrant B Visa or any other residence status is subject in all cases to the decision of the competent authorities, for which no guarantees can be provided.<br \/>Role and Scope of Responsibility<\/p><p>In the organization and delivery of our services:<\/p><p>Client acquisition, communication, and overall project coordination are handled directly by us.<br \/>All activities requiring Thai labor, local licensing, or professional authorization are performed by our contracted partners, including but not limited to:<br \/>\u2013 licensed attorneys<br \/>\u2013 certified accountants<br \/>\u2013 visa agents<br \/>\u2013 Thai employees<br \/>\u2013 administrative and operational staff<br \/>Limitation of Liability<br \/>The outcome of any process \u2014 particularly the issuance of visas, residence permits, or work permits \u2014 does not depend solely on the service provider, but on the discretionary decisions of the competent Thai authorities.<br \/>The information provided on this website is for general informational purposes only and does not constitute comprehensive legal advice.<br \/>Each case requires individual assessment and tailored solutions.<br \/>Our Objective<\/p><p>Our goal is to provide our clients with:<\/p><p>a transparent, structured, and legally sound process,<br \/>delivered at the highest professional standard,<br \/>supported by a reliable network of local experts.<\/p><p><strong>THAI<br \/><\/strong>\u0e02\u0e49\u0e2d\u0e2a\u0e07\u0e27\u0e19\u0e2a\u0e34\u0e17\u0e18\u0e34\u0e4c\u0e17\u0e32\u0e07\u0e01\u0e0e\u0e2b\u0e21\u0e32\u0e22 (Legal Disclaimer)<\/p><p>\u0e1a\u0e23\u0e34\u0e01\u0e32\u0e23\u0e17\u0e35\u0e48\u0e19\u0e33\u0e40\u0e2a\u0e19\u0e2d\u0e1c\u0e48\u0e32\u0e19\u0e40\u0e27\u0e47\u0e1a\u0e44\u0e0b\u0e15\u0e4c\u0e19\u0e35\u0e49 \u2014 \u0e23\u0e27\u0e21\u0e16\u0e36\u0e07\u0e41\u0e15\u0e48\u0e44\u0e21\u0e48\u0e08\u0e33\u0e01\u0e31\u0e14\u0e40\u0e09\u0e1e\u0e32\u0e30 \u0e01\u0e32\u0e23\u0e08\u0e31\u0e14\u0e15\u0e31\u0e49\u0e07\u0e1a\u0e23\u0e34\u0e29\u0e31\u0e17\u0e43\u0e19\u0e1b\u0e23\u0e30\u0e40\u0e17\u0e28\u0e44\u0e17\u0e22 \u0e01\u0e32\u0e23\u0e14\u0e33\u0e40\u0e19\u0e34\u0e19\u0e01\u0e32\u0e23\u0e14\u0e49\u0e32\u0e19\u0e27\u0e35\u0e0b\u0e48\u0e32 \u0e01\u0e32\u0e23\u0e02\u0e2d\u0e43\u0e1a\u0e2d\u0e19\u0e38\u0e0d\u0e32\u0e15\u0e17\u0e33\u0e07\u0e32\u0e19 (Work Permit) \u0e41\u0e25\u0e30\u0e01\u0e32\u0e23\u0e08\u0e31\u0e14\u0e17\u0e33\u0e41\u0e1c\u0e19\u0e18\u0e38\u0e23\u0e01\u0e34\u0e08 \u2014 \u0e40\u0e1b\u0e47\u0e19\u0e01\u0e23\u0e30\u0e1a\u0e27\u0e19\u0e01\u0e32\u0e23\u0e17\u0e35\u0e48\u0e21\u0e35\u0e04\u0e27\u0e32\u0e21\u0e0b\u0e31\u0e1a\u0e0b\u0e49\u0e2d\u0e19 \u0e17\u0e31\u0e49\u0e07\u0e43\u0e19\u0e14\u0e49\u0e32\u0e19\u0e01\u0e0e\u0e2b\u0e21\u0e32\u0e22\u0e41\u0e25\u0e30\u0e01\u0e32\u0e23\u0e1a\u0e23\u0e34\u0e2b\u0e32\u0e23\u0e08\u0e31\u0e14\u0e01\u0e32\u0e23 \u0e41\u0e25\u0e30\u0e40\u0e01\u0e35\u0e48\u0e22\u0e27\u0e02\u0e49\u0e2d\u0e07\u0e01\u0e31\u0e1a\u0e2b\u0e25\u0e32\u0e22\u0e1d\u0e48\u0e32\u0e22<\/p><p>\u0e02\u0e2d\u0e40\u0e23\u0e35\u0e22\u0e19\u0e41\u0e08\u0e49\u0e07\u0e43\u0e2b\u0e49\u0e25\u0e39\u0e01\u0e04\u0e49\u0e32\u0e17\u0e23\u0e32\u0e1a\u0e27\u0e48\u0e32:<\/p><p>\u0e01\u0e23\u0e30\u0e1a\u0e27\u0e19\u0e01\u0e32\u0e23\u0e17\u0e31\u0e49\u0e07\u0e2b\u0e21\u0e14\u0e14\u0e33\u0e40\u0e19\u0e34\u0e19\u0e01\u0e32\u0e23\u0e1c\u0e48\u0e32\u0e19\u0e04\u0e27\u0e32\u0e21\u0e23\u0e48\u0e27\u0e21\u0e21\u0e37\u0e2d\u0e02\u0e2d\u0e07\u0e2b\u0e19\u0e48\u0e27\u0e22\u0e07\u0e32\u0e19\u0e20\u0e32\u0e04\u0e23\u0e31\u0e10 \u0e28\u0e32\u0e25 \u0e1c\u0e39\u0e49\u0e40\u0e0a\u0e35\u0e48\u0e22\u0e27\u0e0a\u0e32\u0e0d \u0e41\u0e25\u0e30\u0e1c\u0e39\u0e49\u0e43\u0e2b\u0e49\u0e1a\u0e23\u0e34\u0e01\u0e32\u0e23\u0e2b\u0e25\u0e32\u0e22\u0e1d\u0e48\u0e32\u0e22\u0e17\u0e35\u0e48\u0e40\u0e1b\u0e47\u0e19\u0e2d\u0e34\u0e2a\u0e23\u0e30\u0e15\u0e48\u0e2d\u0e01\u0e31\u0e19<br \/>\u0e01\u0e32\u0e23\u0e2d\u0e19\u0e38\u0e21\u0e31\u0e15\u0e34\u0e27\u0e35\u0e0b\u0e48\u0e32\u0e1b\u0e23\u0e30\u0e40\u0e20\u0e17 Non-Immigrant B \u0e2b\u0e23\u0e37\u0e2d\u0e2a\u0e34\u0e17\u0e18\u0e34\u0e01\u0e32\u0e23\u0e1e\u0e33\u0e19\u0e31\u0e01\u0e43\u0e19\u0e23\u0e39\u0e1b\u0e41\u0e1a\u0e1a\u0e2d\u0e37\u0e48\u0e19 \u0e46 \u0e02\u0e36\u0e49\u0e19\u0e2d\u0e22\u0e39\u0e48\u0e01\u0e31\u0e1a\u0e14\u0e38\u0e25\u0e22\u0e1e\u0e34\u0e19\u0e34\u0e08\u0e02\u0e2d\u0e07\u0e2b\u0e19\u0e48\u0e27\u0e22\u0e07\u0e32\u0e19\u0e17\u0e35\u0e48\u0e40\u0e01\u0e35\u0e48\u0e22\u0e27\u0e02\u0e49\u0e2d\u0e07 \u0e0b\u0e36\u0e48\u0e07\u0e1a\u0e23\u0e34\u0e29\u0e31\u0e17\u0e44\u0e21\u0e48\u0e2a\u0e32\u0e21\u0e32\u0e23\u0e16\u0e23\u0e31\u0e1a\u0e1b\u0e23\u0e30\u0e01\u0e31\u0e19\u0e1c\u0e25\u0e25\u0e31\u0e1e\u0e18\u0e4c\u0e44\u0e14\u0e49<br \/>\u0e1a\u0e17\u0e1a\u0e32\u0e17\u0e41\u0e25\u0e30\u0e02\u0e2d\u0e1a\u0e40\u0e02\u0e15\u0e04\u0e27\u0e32\u0e21\u0e23\u0e31\u0e1a\u0e1c\u0e34\u0e14\u0e0a\u0e2d\u0e1a<\/p><p>\u0e43\u0e19\u0e01\u0e32\u0e23\u0e08\u0e31\u0e14\u0e01\u0e32\u0e23\u0e41\u0e25\u0e30\u0e43\u0e2b\u0e49\u0e1a\u0e23\u0e34\u0e01\u0e32\u0e23:<\/p><p>\u0e01\u0e32\u0e23\u0e2b\u0e32\u0e25\u0e39\u0e01\u0e04\u0e49\u0e32 \u0e01\u0e32\u0e23\u0e15\u0e34\u0e14\u0e15\u0e48\u0e2d\u0e1b\u0e23\u0e30\u0e2a\u0e32\u0e19\u0e07\u0e32\u0e19 \u0e41\u0e25\u0e30\u0e01\u0e32\u0e23\u0e1a\u0e23\u0e34\u0e2b\u0e32\u0e23\u0e42\u0e04\u0e23\u0e07\u0e01\u0e32\u0e23 \u0e40\u0e1b\u0e47\u0e19\u0e04\u0e27\u0e32\u0e21\u0e23\u0e31\u0e1a\u0e1c\u0e34\u0e14\u0e0a\u0e2d\u0e1a\u0e02\u0e2d\u0e07\u0e1a\u0e23\u0e34\u0e29\u0e31\u0e17\u0e42\u0e14\u0e22\u0e15\u0e23\u0e07<br \/>\u0e01\u0e34\u0e08\u0e01\u0e23\u0e23\u0e21\u0e43\u0e14 \u0e46 \u0e17\u0e35\u0e48\u0e15\u0e49\u0e2d\u0e07\u0e43\u0e0a\u0e49\u0e41\u0e23\u0e07\u0e07\u0e32\u0e19\u0e44\u0e17\u0e22 \u0e43\u0e1a\u0e2d\u0e19\u0e38\u0e0d\u0e32\u0e15\u0e43\u0e19\u0e17\u0e49\u0e2d\u0e07\u0e16\u0e34\u0e48\u0e19 \u0e2b\u0e23\u0e37\u0e2d\u0e04\u0e38\u0e13\u0e2a\u0e21\u0e1a\u0e31\u0e15\u0e34\u0e17\u0e32\u0e07\u0e27\u0e34\u0e0a\u0e32\u0e0a\u0e35\u0e1e \u0e08\u0e30\u0e14\u0e33\u0e40\u0e19\u0e34\u0e19\u0e01\u0e32\u0e23\u0e42\u0e14\u0e22\u0e1e\u0e31\u0e19\u0e18\u0e21\u0e34\u0e15\u0e23\u0e17\u0e35\u0e48\u0e21\u0e35\u0e2a\u0e31\u0e0d\u0e0d\u0e32\u0e23\u0e48\u0e27\u0e21\u0e07\u0e32\u0e19\u0e01\u0e31\u0e1a\u0e40\u0e23\u0e32 \u0e44\u0e14\u0e49\u0e41\u0e01\u0e48:<br \/>\u2013 \u0e17\u0e19\u0e32\u0e22\u0e04\u0e27\u0e32\u0e21\u0e17\u0e35\u0e48\u0e44\u0e14\u0e49\u0e23\u0e31\u0e1a\u0e43\u0e1a\u0e2d\u0e19\u0e38\u0e0d\u0e32\u0e15<br \/>\u2013 \u0e19\u0e31\u0e01\u0e1a\u0e31\u0e0d\u0e0a\u0e35\u0e17\u0e35\u0e48\u0e44\u0e14\u0e49\u0e23\u0e31\u0e1a\u0e01\u0e32\u0e23\u0e23\u0e31\u0e1a\u0e23\u0e2d\u0e07<br \/>\u2013 \u0e15\u0e31\u0e27\u0e41\u0e17\u0e19\u0e14\u0e33\u0e40\u0e19\u0e34\u0e19\u0e01\u0e32\u0e23\u0e14\u0e49\u0e32\u0e19\u0e27\u0e35\u0e0b\u0e48\u0e32<br \/>\u2013 \u0e1e\u0e19\u0e31\u0e01\u0e07\u0e32\u0e19\u0e0a\u0e32\u0e27\u0e44\u0e17\u0e22<br \/>\u2013 \u0e40\u0e08\u0e49\u0e32\u0e2b\u0e19\u0e49\u0e32\u0e17\u0e35\u0e48\u0e14\u0e49\u0e32\u0e19\u0e18\u0e38\u0e23\u0e01\u0e32\u0e23\u0e41\u0e25\u0e30\u0e1b\u0e0f\u0e34\u0e1a\u0e31\u0e15\u0e34\u0e01\u0e32\u0e23<br \/>\u0e01\u0e32\u0e23\u0e08\u0e33\u0e01\u0e31\u0e14\u0e04\u0e27\u0e32\u0e21\u0e23\u0e31\u0e1a\u0e1c\u0e34\u0e14 (Limitation of Liability)<br \/>\u0e1c\u0e25\u0e25\u0e31\u0e1e\u0e18\u0e4c\u0e02\u0e2d\u0e07\u0e01\u0e23\u0e30\u0e1a\u0e27\u0e19\u0e01\u0e32\u0e23\u0e43\u0e14 \u0e46 \u2014 \u0e42\u0e14\u0e22\u0e40\u0e09\u0e1e\u0e32\u0e30\u0e01\u0e32\u0e23\u0e2d\u0e19\u0e38\u0e21\u0e31\u0e15\u0e34\u0e27\u0e35\u0e0b\u0e48\u0e32 \u0e43\u0e1a\u0e2d\u0e19\u0e38\u0e0d\u0e32\u0e15\u0e1e\u0e33\u0e19\u0e31\u0e01 \u0e2b\u0e23\u0e37\u0e2d\u0e43\u0e1a\u0e2d\u0e19\u0e38\u0e0d\u0e32\u0e15\u0e17\u0e33\u0e07\u0e32\u0e19 \u2014 \u0e44\u0e21\u0e48\u0e44\u0e14\u0e49\u0e02\u0e36\u0e49\u0e19\u0e2d\u0e22\u0e39\u0e48\u0e01\u0e31\u0e1a\u0e1c\u0e39\u0e49\u0e43\u0e2b\u0e49\u0e1a\u0e23\u0e34\u0e01\u0e32\u0e23\u0e40\u0e1e\u0e35\u0e22\u0e07\u0e1d\u0e48\u0e32\u0e22\u0e40\u0e14\u0e35\u0e22\u0e27 \u0e41\u0e15\u0e48\u0e02\u0e36\u0e49\u0e19\u0e2d\u0e22\u0e39\u0e48\u0e01\u0e31\u0e1a\u0e01\u0e32\u0e23\u0e1e\u0e34\u0e08\u0e32\u0e23\u0e13\u0e32\u0e02\u0e2d\u0e07\u0e2b\u0e19\u0e48\u0e27\u0e22\u0e07\u0e32\u0e19\u0e23\u0e31\u0e10\u0e17\u0e35\u0e48\u0e40\u0e01\u0e35\u0e48\u0e22\u0e27\u0e02\u0e49\u0e2d\u0e07<br \/>\u0e02\u0e49\u0e2d\u0e21\u0e39\u0e25\u0e1a\u0e19\u0e40\u0e27\u0e47\u0e1a\u0e44\u0e0b\u0e15\u0e4c\u0e19\u0e35\u0e49\u0e08\u0e31\u0e14\u0e17\u0e33\u0e02\u0e36\u0e49\u0e19\u0e40\u0e1e\u0e37\u0e48\u0e2d\u0e40\u0e1b\u0e47\u0e19\u0e02\u0e49\u0e2d\u0e21\u0e39\u0e25\u0e17\u0e31\u0e48\u0e27\u0e44\u0e1b\u0e40\u0e17\u0e48\u0e32\u0e19\u0e31\u0e49\u0e19 \u0e41\u0e25\u0e30\u0e44\u0e21\u0e48\u0e16\u0e37\u0e2d\u0e40\u0e1b\u0e47\u0e19\u0e04\u0e33\u0e1b\u0e23\u0e36\u0e01\u0e29\u0e32\u0e17\u0e32\u0e07\u0e01\u0e0e\u0e2b\u0e21\u0e32\u0e22\u0e2d\u0e22\u0e48\u0e32\u0e07\u0e04\u0e23\u0e1a\u0e16\u0e49\u0e27\u0e19<br \/>\u0e41\u0e15\u0e48\u0e25\u0e30\u0e01\u0e23\u0e13\u0e35\u0e08\u0e33\u0e40\u0e1b\u0e47\u0e19\u0e15\u0e49\u0e2d\u0e07\u0e21\u0e35\u0e01\u0e32\u0e23\u0e1e\u0e34\u0e08\u0e32\u0e23\u0e13\u0e32\u0e40\u0e1b\u0e47\u0e19\u0e23\u0e32\u0e22\u0e1a\u0e38\u0e04\u0e04\u0e25 \u0e41\u0e25\u0e30\u0e15\u0e49\u0e2d\u0e07\u0e43\u0e0a\u0e49\u0e41\u0e19\u0e27\u0e17\u0e32\u0e07\u0e41\u0e01\u0e49\u0e44\u0e02\u0e40\u0e09\u0e1e\u0e32\u0e30\u0e1a\u0e38\u0e04\u0e04\u0e25<br \/>\u0e27\u0e31\u0e15\u0e16\u0e38\u0e1b\u0e23\u0e30\u0e2a\u0e07\u0e04\u0e4c\u0e02\u0e2d\u0e07\u0e40\u0e23\u0e32<\/p><p>\u0e40\u0e1b\u0e49\u0e32\u0e2b\u0e21\u0e32\u0e22\u0e02\u0e2d\u0e07\u0e40\u0e23\u0e32\u0e04\u0e37\u0e2d\u0e01\u0e32\u0e23\u0e21\u0e2d\u0e1a\u0e1a\u0e23\u0e34\u0e01\u0e32\u0e23\u0e43\u0e2b\u0e49\u0e41\u0e01\u0e48\u0e25\u0e39\u0e01\u0e04\u0e49\u0e32\u0e42\u0e14\u0e22:<\/p><p>\u0e01\u0e23\u0e30\u0e1a\u0e27\u0e19\u0e01\u0e32\u0e23\u0e17\u0e35\u0e48\u0e42\u0e1b\u0e23\u0e48\u0e07\u0e43\u0e2a \u0e40\u0e1b\u0e47\u0e19\u0e23\u0e30\u0e1a\u0e1a \u0e41\u0e25\u0e30\u0e21\u0e35\u0e1e\u0e37\u0e49\u0e19\u0e10\u0e32\u0e19\u0e17\u0e32\u0e07\u0e01\u0e0e\u0e2b\u0e21\u0e32\u0e22\u0e17\u0e35\u0e48\u0e21\u0e31\u0e48\u0e19\u0e04\u0e07<br \/>\u0e14\u0e33\u0e40\u0e19\u0e34\u0e19\u0e07\u0e32\u0e19\u0e43\u0e19\u0e21\u0e32\u0e15\u0e23\u0e10\u0e32\u0e19\u0e27\u0e34\u0e0a\u0e32\u0e0a\u0e35\u0e1e\u0e2a\u0e39\u0e07\u0e2a\u0e38\u0e14<br \/>\u0e44\u0e14\u0e49\u0e23\u0e31\u0e1a\u0e01\u0e32\u0e23\u0e2a\u0e19\u0e31\u0e1a\u0e2a\u0e19\u0e38\u0e19\u0e08\u0e32\u0e01\u0e40\u0e04\u0e23\u0e37\u0e2d\u0e02\u0e48\u0e32\u0e22\u0e1c\u0e39\u0e49\u0e40\u0e0a\u0e35\u0e48\u0e22\u0e27\u0e0a\u0e32\u0e0d\u0e43\u0e19\u0e17\u0e49\u0e2d\u0e07\u0e16\u0e34\u0e48\u0e19\u0e17\u0e35\u0e48\u0e40\u0e0a\u0e37\u0e48\u0e2d\u0e16\u0e37\u0e2d\u0e44\u0e14\u0e49<\/p><p><strong>MAGYAR<\/strong><br \/>Jogi nyilatkozat (Disclaimer)<br \/>A weboldalon bemutatott szolg\u00e1ltat\u00e1sok \u2013 ide\u00e9rtve k\u00fcl\u00f6n\u00f6sen a thaif\u00f6ldi c\u00e9galap\u00edt\u00e1st, v\u00edzum\u00fcgyint\u00e9z\u00e9st, munkav\u00e1llal\u00e1si enged\u00e9ly (Work Permit) megszerz\u00e9s\u00e9t, valamint \u00fczleti tervek k\u00e9sz\u00edt\u00e9s\u00e9t \u2013 \u00f6sszetett, t\u00f6bb szerepl\u0151t \u00e9rint\u0151, jogilag \u00e9s adminisztrat\u00edv szempontb\u00f3l komplex folyamatok.<br \/>T\u00e1j\u00e9koztatjuk \u00fcgyfeleinket, hogy:<br \/>* A teljes \u00fcgyint\u00e9z\u00e9s t\u00f6bb, egym\u00e1st\u00f3l f\u00fcggetlen hat\u00f3s\u00e1g, b\u00edr\u00f3s\u00e1g, szak\u00e9rt\u0151 \u00e9s szolg\u00e1ltat\u00f3 egy\u00fcttm\u0171k\u00f6d\u00e9s\u00e9vel val\u00f3sul meg<br \/>* A szolg\u00e1ltat\u00e1s sor\u00e1n a Non-Immigrant B Visa \u00e9s egy\u00e9b tart\u00f3zkod\u00e1si jogc\u00edmek megszerz\u00e9se minden esetben az illet\u00e9kes hat\u00f3s\u00e1gok d\u00f6nt\u00e9s\u00e9t\u0151l f\u00fcgg, amelyre garanci\u00e1t v\u00e1llalni nem \u00e1ll m\u00f3dunkban. <br \/>______<br \/>Szerepk\u00f6r \u00e9s felel\u0151ss\u00e9gi k\u00f6r<br \/>A szolg\u00e1ltat\u00e1s szervez\u00e9se sor\u00e1n:<br \/>* az \u00fcgyf\u00e9lszerz\u00e9s, kapcsolattart\u00e1s \u00e9s projektkoordin\u00e1ci\u00f3 az \u00e9n feladatom<br \/>* minden olyan tev\u00e9kenys\u00e9get, amely thai munkaer\u0151t, helyi enged\u00e9lyt vagy szakmai jogosults\u00e1got ig\u00e9nyel,<br \/>szerz\u0151d\u00f6tt partnereink v\u00e9gzik, bele\u00e9rtve k\u00fcl\u00f6n\u00f6sen: <br \/>&#8211; \u00fcgyv\u00e9deket <br \/>&#8211; k\u00f6nyvel\u0151ket <br \/>&#8211; v\u00edzum\u00fcgyn\u00f6k\u00f6ket<br \/>&#8211; thai alkalmazottaink <br \/>&#8211; adminisztrat\u00edv \u00e9s operat\u00edv munkat\u00e1rsakat <br \/>______<br \/>Felel\u0151ss\u00e9g korl\u00e1toz\u00e1sa<br \/>* A folyamat kimenetele \u2013 k\u00fcl\u00f6n\u00f6sen v\u00edzum, tart\u00f3zkod\u00e1si enged\u00e9ly vagy munkav\u00e1llal\u00e1si enged\u00e9ly kiad\u00e1sa \u2013 nem kiz\u00e1r\u00f3lag a szolg\u00e1ltat\u00f3 tev\u00e9kenys\u00e9g\u00e9t\u0151l f\u00fcgg, hanem az illet\u00e9kes thai hat\u00f3s\u00e1gok egyedi elb\u00edr\u00e1l\u00e1s\u00e1n alapul. <br \/>* A weboldalon szerepl\u0151 inform\u00e1ci\u00f3k \u00e1ltal\u00e1nos t\u00e1j\u00e9koztat\u00f3 jelleg\u0171ek, \u00e9s nem min\u0151s\u00fclnek teljes k\u00f6r\u0171 jogi tan\u00e1csad\u00e1snak. <br \/>* A konkr\u00e9t \u00fcgyek minden esetben egyedi vizsg\u00e1latot \u00e9s szem\u00e9lyre szabott megold\u00e1st ig\u00e9nyelnek. <br \/>______<br \/>C\u00e9lunk<br \/>C\u00e9lunk, hogy \u00fcgyfeleink sz\u00e1m\u00e1ra:<br \/>* \u00e1tl\u00e1that\u00f3, struktur\u00e1lt \u00e9s jogilag megalapozott folyamatot biztos\u00edtsunk, <br \/>* a lehet\u0151 legmagasabb szakmai sz\u00ednvonalon, <br \/>* megb\u00edzhat\u00f3, helyi szak\u00e9rt\u0151i h\u00e1tt\u00e9rrel.<\/p>\t\t\t\t\t\t\t\t<\/div>\n\t\t\t\t\t<\/div>\n\t\t\t\t<\/div>\n\t\t\t\t<\/div>","protected":false},"excerpt":{"rendered":"<p>Legal Disclaimer | Jogi nyilatkozat ENGLISHLegal Disclaimer The services presented on this website \u2014 including, but not limited to, company formation in Thailand, visa processing, obtaining work permits, and business plan development \u2014 involve complex, multi-party procedures that are both legally and administratively sophisticated. We hereby inform our clients that: The full process is carried [&hellip;]<\/p>\n","protected":false},"author":2,"featured_media":723,"parent":0,"menu_order":0,"comment_status":"closed","ping_status":"closed","template":"","meta":{"footnotes":""},"class_list":["post-1682","page","type-page","status-publish","has-post-thumbnail","hentry"],"yoast_head":"<!-- This site is optimized with the Yoast SEO plugin v27.3 - https:\/\/yoast.com\/product\/yoast-seo-wordpress\/ -->\n<title>Jogi nyilatkozat - Phuketnewlife<\/title>\n<meta name=\"robots\" content=\"index, follow, max-snippet:-1, max-image-preview:large, max-video-preview:-1\" \/>\n<link rel=\"canonical\" href=\"https:\/\/phuketnewlife.com\/th\/jogi-nyilatkozat\/\" \/>\n<meta property=\"og:locale\" content=\"th_TH\" \/>\n<meta property=\"og:type\" content=\"article\" \/>\n<meta property=\"og:title\" content=\"Jogi nyilatkozat - Phuketnewlife\" \/>\n<meta property=\"og:description\" content=\"Legal Disclaimer | Jogi nyilatkozat ENGLISHLegal Disclaimer The services presented on this website \u2014 including, but not limited to, company formation in Thailand, visa processing, obtaining work permits, and business plan development \u2014 involve complex, multi-party procedures that are both legally and administratively sophisticated. We hereby inform our clients that: The full process is carried [&hellip;]\" \/>\n<meta property=\"og:url\" content=\"https:\/\/phuketnewlife.com\/th\/jogi-nyilatkozat\/\" \/>\n<meta property=\"og:site_name\" content=\"Phuketnewlife\" \/>\n<meta property=\"article:publisher\" content=\"https:\/\/www.facebook.com\/profile.php?id=61584618136160\" \/>\n<meta property=\"article:modified_time\" content=\"2026-04-28T08:10:49+00:00\" \/>\n<meta property=\"og:image\" content=\"https:\/\/phuketnewlife.com\/wp-content\/uploads\/2026\/04\/Cegalapitas-phuketen-vallalkozas-inditas-thaifold.jpg\" \/>\n\t<meta property=\"og:image:width\" content=\"1024\" \/>\n\t<meta property=\"og:image:height\" content=\"1024\" \/>\n\t<meta property=\"og:image:type\" content=\"image\/jpeg\" \/>\n<meta name=\"twitter:card\" content=\"summary_large_image\" \/>\n<meta name=\"twitter:label1\" content=\"Est. reading time\" \/>\n\t<meta name=\"twitter:data1\" content=\"4 \u0e19\u0e32\u0e17\u0e35\" \/>\n<script type=\"application\/ld+json\" class=\"yoast-schema-graph\">{\"@context\":\"https:\\\/\\\/schema.org\",\"@graph\":[{\"@type\":\"WebPage\",\"@id\":\"https:\\\/\\\/phuketnewlife.com\\\/jogi-nyilatkozat\\\/\",\"url\":\"https:\\\/\\\/phuketnewlife.com\\\/jogi-nyilatkozat\\\/\",\"name\":\"Jogi nyilatkozat - Phuketnewlife\",\"isPartOf\":{\"@id\":\"https:\\\/\\\/phuketnewlife.com\\\/#website\"},\"primaryImageOfPage\":{\"@id\":\"https:\\\/\\\/phuketnewlife.com\\\/jogi-nyilatkozat\\\/#primaryimage\"},\"image\":{\"@id\":\"https:\\\/\\\/phuketnewlife.com\\\/jogi-nyilatkozat\\\/#primaryimage\"},\"thumbnailUrl\":\"https:\\\/\\\/phuketnewlife.com\\\/wp-content\\\/uploads\\\/2026\\\/04\\\/Kolotozz-Phuketre-new-life-phuket.png\",\"datePublished\":\"2026-04-22T13:50:22+00:00\",\"dateModified\":\"2026-04-28T08:10:49+00:00\",\"breadcrumb\":{\"@id\":\"https:\\\/\\\/phuketnewlife.com\\\/jogi-nyilatkozat\\\/#breadcrumb\"},\"inLanguage\":\"th\",\"potentialAction\":[{\"@type\":\"ReadAction\",\"target\":[\"https:\\\/\\\/phuketnewlife.com\\\/jogi-nyilatkozat\\\/\"]}]},{\"@type\":\"ImageObject\",\"inLanguage\":\"th\",\"@id\":\"https:\\\/\\\/phuketnewlife.com\\\/jogi-nyilatkozat\\\/#primaryimage\",\"url\":\"https:\\\/\\\/phuketnewlife.com\\\/wp-content\\\/uploads\\\/2026\\\/04\\\/Kolotozz-Phuketre-new-life-phuket.png\",\"contentUrl\":\"https:\\\/\\\/phuketnewlife.com\\\/wp-content\\\/uploads\\\/2026\\\/04\\\/Kolotozz-Phuketre-new-life-phuket.png\",\"width\":1920,\"height\":1000},{\"@type\":\"BreadcrumbList\",\"@id\":\"https:\\\/\\\/phuketnewlife.com\\\/jogi-nyilatkozat\\\/#breadcrumb\",\"itemListElement\":[{\"@type\":\"ListItem\",\"position\":1,\"name\":\"Kezd\u0151lap\",\"item\":\"https:\\\/\\\/phuketnewlife.com\\\/\"},{\"@type\":\"ListItem\",\"position\":2,\"name\":\"Jogi nyilatkozat\"}]},{\"@type\":\"WebSite\",\"@id\":\"https:\\\/\\\/phuketnewlife.com\\\/#website\",\"url\":\"https:\\\/\\\/phuketnewlife.com\\\/\",\"name\":\"Phuketnewlife\",\"description\":\"\",\"publisher\":{\"@id\":\"https:\\\/\\\/phuketnewlife.com\\\/#organization\"},\"potentialAction\":[{\"@type\":\"SearchAction\",\"target\":{\"@type\":\"EntryPoint\",\"urlTemplate\":\"https:\\\/\\\/phuketnewlife.com\\\/?s={search_term_string}\"},\"query-input\":{\"@type\":\"PropertyValueSpecification\",\"valueRequired\":true,\"valueName\":\"search_term_string\"}}],\"inLanguage\":\"th\"},{\"@type\":\"Organization\",\"@id\":\"https:\\\/\\\/phuketnewlife.com\\\/#organization\",\"name\":\"Phuketnewlife\",\"url\":\"https:\\\/\\\/phuketnewlife.com\\\/\",\"logo\":{\"@type\":\"ImageObject\",\"inLanguage\":\"th\",\"@id\":\"https:\\\/\\\/phuketnewlife.com\\\/#\\\/schema\\\/logo\\\/image\\\/\",\"url\":\"https:\\\/\\\/phuketnewlife.com\\\/wp-content\\\/uploads\\\/2026\\\/04\\\/Nevtelen-terv-14.svg\",\"contentUrl\":\"https:\\\/\\\/phuketnewlife.com\\\/wp-content\\\/uploads\\\/2026\\\/04\\\/Nevtelen-terv-14.svg\",\"caption\":\"Phuketnewlife\"},\"image\":{\"@id\":\"https:\\\/\\\/phuketnewlife.com\\\/#\\\/schema\\\/logo\\\/image\\\/\"},\"sameAs\":[\"https:\\\/\\\/www.facebook.com\\\/profile.php?id=61584618136160\"]}]}<\/script>\n<!-- \/ Yoast SEO plugin. -->","yoast_head_json":{"title":"Jogi nyilatkozat - Phuketnewlife","robots":{"index":"index","follow":"follow","max-snippet":"max-snippet:-1","max-image-preview":"max-image-preview:large","max-video-preview":"max-video-preview:-1"},"canonical":"https:\/\/phuketnewlife.com\/th\/jogi-nyilatkozat\/","og_locale":"th_TH","og_type":"article","og_title":"Jogi nyilatkozat - Phuketnewlife","og_description":"Legal Disclaimer | Jogi nyilatkozat ENGLISHLegal Disclaimer The services presented on this website \u2014 including, but not limited to, company formation in Thailand, visa processing, obtaining work permits, and business plan development \u2014 involve complex, multi-party procedures that are both legally and administratively sophisticated. We hereby inform our clients that: The full process is carried [&hellip;]","og_url":"https:\/\/phuketnewlife.com\/th\/jogi-nyilatkozat\/","og_site_name":"Phuketnewlife","article_publisher":"https:\/\/www.facebook.com\/profile.php?id=61584618136160","article_modified_time":"2026-04-28T08:10:49+00:00","og_image":[{"width":1024,"height":1024,"url":"https:\/\/phuketnewlife.com\/wp-content\/uploads\/2026\/04\/Cegalapitas-phuketen-vallalkozas-inditas-thaifold.jpg","type":"image\/jpeg"}],"twitter_card":"summary_large_image","twitter_misc":{"Est. reading time":"4 \u0e19\u0e32\u0e17\u0e35"},"schema":{"@context":"https:\/\/schema.org","@graph":[{"@type":"WebPage","@id":"https:\/\/phuketnewlife.com\/jogi-nyilatkozat\/","url":"https:\/\/phuketnewlife.com\/jogi-nyilatkozat\/","name":"Jogi nyilatkozat - Phuketnewlife","isPartOf":{"@id":"https:\/\/phuketnewlife.com\/#website"},"primaryImageOfPage":{"@id":"https:\/\/phuketnewlife.com\/jogi-nyilatkozat\/#primaryimage"},"image":{"@id":"https:\/\/phuketnewlife.com\/jogi-nyilatkozat\/#primaryimage"},"thumbnailUrl":"https:\/\/phuketnewlife.com\/wp-content\/uploads\/2026\/04\/Kolotozz-Phuketre-new-life-phuket.png","datePublished":"2026-04-22T13:50:22+00:00","dateModified":"2026-04-28T08:10:49+00:00","breadcrumb":{"@id":"https:\/\/phuketnewlife.com\/jogi-nyilatkozat\/#breadcrumb"},"inLanguage":"th","potentialAction":[{"@type":"ReadAction","target":["https:\/\/phuketnewlife.com\/jogi-nyilatkozat\/"]}]},{"@type":"ImageObject","inLanguage":"th","@id":"https:\/\/phuketnewlife.com\/jogi-nyilatkozat\/#primaryimage","url":"https:\/\/phuketnewlife.com\/wp-content\/uploads\/2026\/04\/Kolotozz-Phuketre-new-life-phuket.png","contentUrl":"https:\/\/phuketnewlife.com\/wp-content\/uploads\/2026\/04\/Kolotozz-Phuketre-new-life-phuket.png","width":1920,"height":1000},{"@type":"BreadcrumbList","@id":"https:\/\/phuketnewlife.com\/jogi-nyilatkozat\/#breadcrumb","itemListElement":[{"@type":"ListItem","position":1,"name":"Kezd\u0151lap","item":"https:\/\/phuketnewlife.com\/"},{"@type":"ListItem","position":2,"name":"Jogi nyilatkozat"}]},{"@type":"WebSite","@id":"https:\/\/phuketnewlife.com\/#website","url":"https:\/\/phuketnewlife.com\/","name":"Phuketnewlife","description":"","publisher":{"@id":"https:\/\/phuketnewlife.com\/#organization"},"potentialAction":[{"@type":"SearchAction","target":{"@type":"EntryPoint","urlTemplate":"https:\/\/phuketnewlife.com\/?s={search_term_string}"},"query-input":{"@type":"PropertyValueSpecification","valueRequired":true,"valueName":"search_term_string"}}],"inLanguage":"th"},{"@type":"Organization","@id":"https:\/\/phuketnewlife.com\/#organization","name":"Phuketnewlife","url":"https:\/\/phuketnewlife.com\/","logo":{"@type":"ImageObject","inLanguage":"th","@id":"https:\/\/phuketnewlife.com\/#\/schema\/logo\/image\/","url":"https:\/\/phuketnewlife.com\/wp-content\/uploads\/2026\/04\/Nevtelen-terv-14.svg","contentUrl":"https:\/\/phuketnewlife.com\/wp-content\/uploads\/2026\/04\/Nevtelen-terv-14.svg","caption":"Phuketnewlife"},"image":{"@id":"https:\/\/phuketnewlife.com\/#\/schema\/logo\/image\/"},"sameAs":["https:\/\/www.facebook.com\/profile.php?id=61584618136160"]}]}},"_links":{"self":[{"href":"https:\/\/phuketnewlife.com\/th\/wp-json\/wp\/v2\/pages\/1682","targetHints":{"allow":["GET"]}}],"collection":[{"href":"https:\/\/phuketnewlife.com\/th\/wp-json\/wp\/v2\/pages"}],"about":[{"href":"https:\/\/phuketnewlife.com\/th\/wp-json\/wp\/v2\/types\/page"}],"author":[{"embeddable":true,"href":"https:\/\/phuketnewlife.com\/th\/wp-json\/wp\/v2\/users\/2"}],"replies":[{"embeddable":true,"href":"https:\/\/phuketnewlife.com\/th\/wp-json\/wp\/v2\/comments?post=1682"}],"version-history":[{"count":13,"href":"https:\/\/phuketnewlife.com\/th\/wp-json\/wp\/v2\/pages\/1682\/revisions"}],"predecessor-version":[{"id":1746,"href":"https:\/\/phuketnewlife.com\/th\/wp-json\/wp\/v2\/pages\/1682\/revisions\/1746"}],"wp:featuredmedia":[{"embeddable":true,"href":"https:\/\/phuketnewlife.com\/th\/wp-json\/wp\/v2\/media\/723"}],"wp:attachment":[{"href":"https:\/\/phuketnewlife.com\/th\/wp-json\/wp\/v2\/media?parent=1682"}],"curies":[{"name":"wp","href":"https:\/\/api.w.org\/{rel}","templated":true}]}}